{"id":1118,"date":"2019-11-06T15:31:37","date_gmt":"2019-11-06T15:31:37","guid":{"rendered":"http:\/\/www.sloveniawonders.com\/product\/import-placeholder-for-5068\/"},"modified":"2025-03-19T09:32:03","modified_gmt":"2025-03-19T09:32:03","slug":"the-ljubljana-book","status":"publish","type":"product","link":"https:\/\/www.sloveniawonders.com\/sl\/izdelek\/the-ljubljana-book\/","title":{"rendered":"THE Ljubljana Book"},"content":{"rendered":"<p>&nbsp;<\/p>\n<div id=\"yui_3_17_2_1_1553540806940_750\" class=\"productitem-container clear-fix sqs-frontend-overlay-editor-widget-host\" data-item-id=\"5971ef61f9a61e57bd2b39bc\">\n<div id=\"yui_3_17_2_1_1553540806940_749\" class=\"productitem-description\">\n<div id=\"item-5971ef61f9a61e57bd2b39bc\" class=\"sqs-layout sqs-grid-12 columns-12\" data-layout-label=\"Post Body\" data-type=\"item\" data-updated-on=\"1500639177374\">\n<div id=\"yui_3_17_2_1_1553540806940_748\" class=\"row sqs-row\">\n<div id=\"yui_3_17_2_1_1553540806940_747\" class=\"col sqs-col-12 span-12\">\n<div id=\"block-ab7799cffe6079190431\" class=\"sqs-block html-block sqs-block-html\" data-block-type=\"2\">\n<div class=\"sqs-block-content\">\n<h1>100 top prizorov, krajev, dogodkov in ve\u010d | 6 tujih pisateljev | 1 fantasti\u010dna knjiga<\/h1>\n<h3>100 top sights, venues, events and more | 6 foreign writers | 1 amazing book<\/h3>\n<blockquote><p>Knjiga Ljubljane predstavlja skrbno izbran izbor najbolj\u0161ih stvari za ogled, do\u017eivetje, u\u017eivanje, pija\u010do in do\u017eivetje v o\u010darljivi prestolnici Slovenije! Napisala in uredila je ekipa tujih pisateljev, ki vse ponosno imenujejo Ljubljansko domovino, ta prva izdaja pa predstavlja 10 najbolj\u0161ih izku\u0161enj v desetih razli\u010dnih kategorijah, ki zajemajo vse od restavracij in kavarn do zanimivosti in letnih dogodkov, kot tudi top destinacij za otroke, nakupovalci, kultivatorji in drugo. Skratka, to je popoln spremljevalec za vsak obisk v Ljubljani, veliko darilo za dru\u017eino in prijatelje, ali eleganten spominek, ki spominja na va\u0161 \u010das v najlep\u0161em mestu na svetu.<\/p><\/blockquote>\n<\/div>\n<\/div>\n<div id=\"block-yui_3_17_2_1_1537403698549_75723\" class=\"sqs-block gallery-block sqs-block-gallery\" data-aspect-ratio=\"50\" data-block-json=\"{&quot;transientGalleryId&quot;:&quot;5ba324378985837c2df594a9&quot;,&quot;autoplay&quot;:true,&quot;existingGallery&quot;:null,&quot;hSize&quot;:null,&quot;square-thumbs&quot;:true,&quot;auto-crop&quot;:true,&quot;newWindow&quot;:false,&quot;floatDir&quot;:null,&quot;aspectRatio&quot;:50,&quot;show-meta&quot;:true,&quot;methodOption&quot;:&quot;transient&quot;,&quot;controls&quot;:true,&quot;show-meta-basic&quot;:true,&quot;vSize&quot;:null,&quot;collectionId&quot;:&quot;5ba324378985837c2df594a9&quot;,&quot;active-alignment&quot;:&quot;center&quot;,&quot;design&quot;:&quot;slider&quot;,&quot;autoplay-duration&quot;:5}\" data-block-type=\"8\">\n<div id=\"yui_3_17_2_1_1553540806940_314\" class=\"sqs-block-content sqs-intrinsic\">\n<div id=\"yui_3_17_2_1_1553540806940_316\" class=\"sqs-gallery-container sqs-gallery-block-slider sqs-gallery-has-controls sqs-gallery-block-show-meta clear sqs-intrinsic-content\">\n<div id=\"yui_3_17_2_1_1553540806940_336\" class=\"sqs-gallery sqs-gallery-design-strip\">\n<div class=\"sqs-wrapper\"><\/div>\n<\/div>\n<div class=\"sqs-gallery-meta-container\">\n<div class=\"sqs-gallery-controls show-hover-effect\"><\/div>\n<\/div>\n<\/div>\n<\/div>\n<\/div>\n<div id=\"block-yui_3_17_2_1_1537403698549_185155\" class=\"sqs-block html-block sqs-block-html\" data-block-type=\"2\">\n<div class=\"sqs-block-content\">\n<h2>Kaj o Ljubljani pravijo drugi?<\/h2>\n<p>\"Glavna in najve\u010dja slovenska prestolnica je tudi ena izmed najbolj zelenih in najbolj \u017eive\u010dih prestolnic v Evropi. Poleti so kavarne postavile svoje terase neposredno zraven reke; \u010dlovek se po\u010duti, kakor, da bi se zna\u0161el na no\u010dni uli\u010dni zabavi.\"<\/p>\n<p><em>&#8211; Lonely Planet<\/em><\/p>\n<p>\"Mesto iz\u017eareva \u010dar, \u010dudovit preplet baro\u010dne in habsbur\u0161ke arhitekture, bogato pobarvane cerkve, bujno zelenje in zanimive kavarne ob reki. Poleg tega njegova lokacija, v osr\u010dju te majhne, a presenetljivo raznolike de\u017eele, pomeni, da ni ve\u010d kot nekaj ur oddaljena od kjerkoli.\"<\/p>\n<p><em>&#8211; The Guardian<\/em><\/p>\n<p>\"Ob obisku Ljubljane, 1000-letne prestolnice Slovenije, se zdi, kot da stopite v starodavno basen. Kljub desetletjih pod komunisti\u010dno vladavino je intimno mesto res \u010darobno: to je kraj, kjer se lahko sprehodite mimo baro\u010dnih cerkva, nad mostom, ki ga obkro\u017eajo zmaji - ljubljanska maskota - po vijugastih kamnitih stezah, kjer lokalni kmetje prodajajo potonike v velikosti pasjih ljubljen\u010dkov, do \u0161kripajo\u010dih gostiln, kjer stre\u017eejo medvedje meso.\"<\/p>\n<p><em>&#8211; The New York Times<\/em><\/p>\n<p>\"V zadnjih letih se je Ljubljana preoblikovala iz preobremenjenega, zadimljenega mesta v \u017eivahno oazo, ki je prijazna kolesarjem, prepredena s kulturnimi dejavnostmi, kulinari\u010dnimi dobrotami in arhitekturnimi znamenitostmi. Slovenska prestolnica, ki iz\u017eareva tako prefinjenost, ki jo lahko pri\u010dakujemo od ve\u010dje metropole, kot tudi \u010dar, ki ga lahko najdemo v majhnem mestu, ponuja najbolj\u0161e od obeh.\"<\/p>\n<p><em>&#8211; The Independent<\/em><\/p>\n<\/div>\n<\/div>\n<div id=\"block-yui_3_17_2_1_1537403698549_109881\" class=\"sqs-block gallery-block sqs-block-gallery\" data-block-json=\"{&quot;transientGalleryId&quot;:&quot;5ba3256688251bd3cdb3cdd3&quot;,&quot;thumbnails-per-row&quot;:7,&quot;existingGallery&quot;:null,&quot;hSize&quot;:null,&quot;square-thumbs&quot;:true,&quot;auto-crop&quot;:true,&quot;show-meta-only-title&quot;:false,&quot;newWindow&quot;:false,&quot;padding&quot;:10,&quot;floatDir&quot;:null,&quot;aspectRatio&quot;:null,&quot;lightboxTheme&quot;:&quot;dark&quot;,&quot;lightbox&quot;:true,&quot;show-meta&quot;:true,&quot;methodOption&quot;:&quot;transient&quot;,&quot;aspect-ratio&quot;:&quot;square&quot;,&quot;show-meta-basic&quot;:true,&quot;vSize&quot;:null,&quot;collectionId&quot;:&quot;5ba3256688251bd3cdb3cdd3&quot;,&quot;design&quot;:&quot;grid&quot;}\" data-block-type=\"8\">\n<div id=\"yui_3_17_2_1_1553540806940_746\" class=\"sqs-block-content\">\n<div id=\"yui_3_17_2_1_1553540806940_593\" class=\"sqs-gallery-container sqs-gallery-block-grid sqs-gallery-aspect-ratio-square sqs-gallery-thumbnails-per-row-7 sqs-gallery-block-show-meta clear\">\n<div id=\"yui_3_17_2_1_1553540806940_610\" class=\"sqs-gallery sqs-gallery-design-grid\">\n<div id=\"yui_3_17_2_1_1553540806940_649\" class=\"slide sqs-gallery-design-grid-slide\" data-type=\"image\"><\/div>\n<\/div>\n<\/div>\n<\/div>\n<\/div>\n<\/div>\n<\/div>\n<\/div>\n<\/div>\n<\/div>\n<p>&nbsp;<\/p>\n<div id=\"footer\">\n<div id=\"footer-content-container\">\n<div id=\"footer-info\">\n<div id=\"footer-about\">\n<div id=\"footer-about-info\" class=\"sqs-layout sqs-grid-12 columns-12 sqs-locked-layout sqs-layout-dark sqs-frontend-overlay-editor-widget-host-light sqs-frontend-overlay-editor-widget-host\" data-type=\"block-field\" data-updated-on=\"1508256910894\">\n<div class=\"row sqs-row\">\n<div class=\"col sqs-col-12 span-12\"><\/div>\n<\/div>\n<\/div>\n<\/div>\n<\/div>\n<\/div>\n<\/div>","protected":false},"excerpt":{"rendered":"<p>THE Ljubljana Book predstavlja skrbno izbrano selekcijo najbolj\u0161ih stvari za ogledati, po\u010deti, jesti, piti in izkusiti v o\u010darljivi prestolnici Slovenije! Napisana in urejena s strani ekipe tujih pisateljev, ki vsi po vrsti ponosno imenujejo Ljubljano dom, prva izdaja predstavlja Top 10 izku\u0161enj znotraj desetih razli\u010dnih kategorij, pokrivajo\u010d vse od restavracij, kavarn, do atrakcij in letnih dogodkov, kot tudi top destinacije za otroke, nakupovalce, kulturne navdu\u0161ence in ve\u010d. Na kratko, knjiga je popoln spremljevalec za vsak obisk Ljubljane, \u010dudovito darilo za dru\u017eino in prijatelje ali eleganten spomin na pre\u017eivet \u010das v najlep\u0161em mestu na svetu. <a href=\"https:\/\/the-slovenia.com\/product\/the-slovenia-book-top-100-destinations-3rd-edition\/\">THE Slovenia Book<\/a>, we are proud to present THE Ljubljana Book. Get the best of the beautiful Slovene capital in one elegant package!<\/p>","protected":false},"featured_media":1180,"comment_status":"closed","ping_status":"closed","template":"","meta":{"pgc_meta":"","_uag_custom_page_level_css":"","_monsterinsights_skip_tracking":false,"_monsterinsights_sitenote_active":false,"_monsterinsights_sitenote_note":"","_monsterinsights_sitenote_category":0},"product_brand":[],"product_cat":[25,28,27],"product_tag":[114,86,46,115,116,36,93,117],"class_list":{"0":"post-1118","1":"product","2":"type-product","3":"status-publish","4":"has-post-thumbnail","6":"product_cat-books","7":"product_cat-the-books","8":"product_cat-the-slovenia","9":"product_tag-best-off","10":"product_tag-bestseller","11":"product_tag-book","12":"product_tag-ljubljana","13":"product_tag-plecnik","14":"product_tag-slovenia","15":"product_tag-the-slovenia","16":"product_tag-top-10","18":"first","19":"instock","20":"shipping-taxable","21":"purchasable","22":"product-type-simple"},"uagb_featured_image_src":{"full":["https:\/\/www.sloveniawonders.com\/wp-content\/uploads\/2019\/11\/2D1A3194.jpg",3081,3081,false],"thumbnail":["https:\/\/www.sloveniawonders.com\/wp-content\/uploads\/2019\/11\/2D1A3194-150x150.jpg",150,150,true],"medium":["https:\/\/www.sloveniawonders.com\/wp-content\/uploads\/2019\/11\/2D1A3194-300x300.jpg",300,300,true],"medium_large":["https:\/\/www.sloveniawonders.com\/wp-content\/uploads\/2019\/11\/2D1A3194-768x768.jpg",768,768,true],"large":["https:\/\/www.sloveniawonders.com\/wp-content\/uploads\/2019\/11\/2D1A3194-1024x1024.jpg",1024,1024,true],"1536x1536":["https:\/\/www.sloveniawonders.com\/wp-content\/uploads\/2019\/11\/2D1A3194.jpg",1536,1536,false],"2048x2048":["https:\/\/www.sloveniawonders.com\/wp-content\/uploads\/2019\/11\/2D1A3194.jpg",2048,2048,false],"trp-custom-language-flag":["https:\/\/www.sloveniawonders.com\/wp-content\/uploads\/2019\/11\/2D1A3194.jpg",12,12,false],"woocommerce_thumbnail":["https:\/\/www.sloveniawonders.com\/wp-content\/uploads\/2019\/11\/2D1A3194-300x300.jpg",300,300,true],"woocommerce_single":["https:\/\/www.sloveniawonders.com\/wp-content\/uploads\/2019\/11\/2D1A3194-600x600.jpg",600,600,true],"woocommerce_gallery_thumbnail":["https:\/\/www.sloveniawonders.com\/wp-content\/uploads\/2019\/11\/2D1A3194-100x100.jpg",100,100,true]},"uagb_author_info":{"display_name":"Matej Tratnik","author_link":"https:\/\/www.sloveniawonders.com\/sl\/author\/"},"uagb_comment_info":0,"uagb_excerpt":"From the same team that's been publishing Slovenia\u00b4s acclaimed In Your Pocket city and regional guides since 2008 and authors of the best-selling THE Slovenia Book, we are proud to present THE Ljubljana Book. Get the best of the beautiful Slovene capital in one elegant package!","_links":{"self":[{"href":"https:\/\/www.sloveniawonders.com\/sl\/wp-json\/wp\/v2\/product\/1118","targetHints":{"allow":["GET"]}}],"collection":[{"href":"https:\/\/www.sloveniawonders.com\/sl\/wp-json\/wp\/v2\/product"}],"about":[{"href":"https:\/\/www.sloveniawonders.com\/sl\/wp-json\/wp\/v2\/types\/product"}],"replies":[{"embeddable":true,"href":"https:\/\/www.sloveniawonders.com\/sl\/wp-json\/wp\/v2\/comments?post=1118"}],"wp:featuredmedia":[{"embeddable":true,"href":"https:\/\/www.sloveniawonders.com\/sl\/wp-json\/wp\/v2\/media\/1180"}],"wp:attachment":[{"href":"https:\/\/www.sloveniawonders.com\/sl\/wp-json\/wp\/v2\/media?parent=1118"}],"wp:term":[{"taxonomy":"product_brand","embeddable":true,"href":"https:\/\/www.sloveniawonders.com\/sl\/wp-json\/wp\/v2\/product_brand?post=1118"},{"taxonomy":"product_cat","embeddable":true,"href":"https:\/\/www.sloveniawonders.com\/sl\/wp-json\/wp\/v2\/product_cat?post=1118"},{"taxonomy":"product_tag","embeddable":true,"href":"https:\/\/www.sloveniawonders.com\/sl\/wp-json\/wp\/v2\/product_tag?post=1118"}],"curies":[{"name":"wp","href":"https:\/\/api.w.org\/{rel}","templated":true}]}}